{"id":984,"date":"2021-09-03T21:59:13","date_gmt":"2021-09-04T01:59:13","guid":{"rendered":"https:\/\/baumier.co\/?post_type=product&#038;p=984"},"modified":"2024-12-11T21:00:35","modified_gmt":"2024-12-12T02:00:35","slug":"citrouille-epicee-4oz","status":"publish","type":"product","link":"https:\/\/baumier.co\/en\/produit\/citrouille-epicee-4oz\/","title":{"rendered":"Citrouille \u00e9pic\u00e9e &#8211; 4oz &#8211; \u00e9dition limit\u00e9e"},"content":{"rendered":"","protected":false},"excerpt":{"rendered":"<p class=\"p1\">La chandelle &#8216;citrouille \u00e9pic\u00e9e&#8217; est ni plus ni moins qu&#8217;une ode \u00e0 l\u2019automne avec ses notes sucr\u00e9es et \u00e9pic\u00e9es. En effet, avec ses ar\u00f4mes de citrouille, cannelle, vanille et noix de muscade, elle est un rem\u00e8de incontournable \u00e0 la d\u00e9prime automnale.<\/p>\n<p class=\"p1\">Rappelant avec justesse l\u2019odeur riche de tarte \u00e0 la citrouille, cette petite derni\u00e8re vous donnera le go\u00fbt de vous blottir \u00e0 l\u2019int\u00e9rieur, caf\u00e9 latte \u00e0 la main et couverture de laine sur les \u00e9paules. Parfaite pour regarder les feuilles tomber pendant que les journ\u00e9es raccourcissent. Aussi agr\u00e9able pour les moments pass\u00e9s \u00e0 se raconter de savoureuses anecdotes de sorties aux pommes. <em>\u00c0 profiter pour un temps limit\u00e9<\/em>.<\/p>\n<p>&nbsp;<\/p>\n<p><strong>Dur\u00e9e de combustion:\u00a0<\/strong>Approximativement 20h<\/p>\n","protected":false},"featured_media":974,"template":"","meta":{"_seopress_robots_primary_cat":"","_seopress_titles_title":"Chandelle Citrouille \u00c9pic\u00e9e 4oz \u2013 Esprit Automnal","_seopress_titles_desc":"D\u00e9couvrez notre bougie Citrouille \u00c9pic\u00e9e : un parfum automnal \u00e9pic\u00e9 parfait pour r\u00e9chauffer votre espace. Disponible en format 4oz.","_seopress_robots_index":""},"product_brand":[],"product_cat":[18],"product_tag":[],"giftcard-category":[],"class_list":{"0":"post-984","1":"product","2":"type-product","3":"status-publish","4":"has-post-thumbnail","6":"product_cat-chandelle","8":"first","9":"outofstock","10":"taxable","11":"shipping-taxable","12":"purchasable","13":"product-type-simple"},"jetpack_sharing_enabled":true,"_links":{"self":[{"href":"https:\/\/baumier.co\/en\/wp-json\/wp\/v2\/product\/984","targetHints":{"allow":["GET"]}}],"collection":[{"href":"https:\/\/baumier.co\/en\/wp-json\/wp\/v2\/product"}],"about":[{"href":"https:\/\/baumier.co\/en\/wp-json\/wp\/v2\/types\/product"}],"wp:featuredmedia":[{"embeddable":true,"href":"https:\/\/baumier.co\/en\/wp-json\/wp\/v2\/media\/974"}],"wp:attachment":[{"href":"https:\/\/baumier.co\/en\/wp-json\/wp\/v2\/media?parent=984"}],"wp:term":[{"taxonomy":"product_brand","embeddable":true,"href":"https:\/\/baumier.co\/en\/wp-json\/wp\/v2\/product_brand?post=984"},{"taxonomy":"product_cat","embeddable":true,"href":"https:\/\/baumier.co\/en\/wp-json\/wp\/v2\/product_cat?post=984"},{"taxonomy":"product_tag","embeddable":true,"href":"https:\/\/baumier.co\/en\/wp-json\/wp\/v2\/product_tag?post=984"},{"taxonomy":"giftcard-category","embeddable":true,"href":"https:\/\/baumier.co\/en\/wp-json\/wp\/v2\/giftcard-category?post=984"}],"curies":[{"name":"wp","href":"https:\/\/api.w.org\/{rel}","templated":true}]}}