{"id":982,"date":"2021-09-03T21:57:04","date_gmt":"2021-09-04T01:57:04","guid":{"rendered":"https:\/\/baumier.co\/?post_type=product&#038;p=982"},"modified":"2024-12-11T21:00:38","modified_gmt":"2024-12-12T02:00:38","slug":"sauge-8oz","status":"publish","type":"product","link":"https:\/\/baumier.co\/en\/produit\/sauge-8oz\/","title":{"rendered":"Sauge &#8211; 8oz"},"content":{"rendered":"","protected":false},"excerpt":{"rendered":"<p class=\"p1\">Saviez-vous que dans plusieurs chaumi\u00e8res, on fait bruler de la sauge afin d\u2019\u00e9liminer les impuret\u00e9s spirituelles et de r\u00e9pandre ses nombreux bienfaits purifiants? Ici, on comprend cet engouement pour les notes fraiches et propres que d\u00e9gage cette herbe dont la renomm\u00e9e transcende les cultures.<\/p>\n<p class=\"p1\">On ne saurait confirmer si les vertus l\u00e9gendaires de la sauge peuvent \u00eatre attribu\u00e9es au doux parfum de la bougie \u00ab sauge \u00bb, mais chose certaine, la bonne humeur r\u00e8gne chez nous lorsqu\u2019elle est allum\u00e9e!<\/p>\n<p>&nbsp;<\/p>\n<p><strong>Dur\u00e9e de combustion:\u00a0<\/strong>Approximativement 40h<\/p>\n","protected":false},"featured_media":991,"template":"","meta":{"_seopress_robots_primary_cat":"","_seopress_titles_title":"Sauge 8oz - \u00c9picez Votre Cuisine avec Baumier","_seopress_titles_desc":"D\u00e9couvrez notre Sauge 8oz de qualit\u00e9 sup\u00e9rieure chez Baumier. Parfait pour vos rituels de purification et de bien-\u00eatre. Magasinez maintenant!","_seopress_robots_index":""},"product_brand":[],"product_cat":[18],"product_tag":[],"giftcard-category":[],"class_list":{"0":"post-982","1":"product","2":"type-product","3":"status-publish","4":"has-post-thumbnail","6":"product_cat-chandelle","8":"first","9":"outofstock","10":"taxable","11":"shipping-taxable","12":"purchasable","13":"product-type-simple"},"jetpack_sharing_enabled":true,"_links":{"self":[{"href":"https:\/\/baumier.co\/en\/wp-json\/wp\/v2\/product\/982","targetHints":{"allow":["GET"]}}],"collection":[{"href":"https:\/\/baumier.co\/en\/wp-json\/wp\/v2\/product"}],"about":[{"href":"https:\/\/baumier.co\/en\/wp-json\/wp\/v2\/types\/product"}],"wp:featuredmedia":[{"embeddable":true,"href":"https:\/\/baumier.co\/en\/wp-json\/wp\/v2\/media\/991"}],"wp:attachment":[{"href":"https:\/\/baumier.co\/en\/wp-json\/wp\/v2\/media?parent=982"}],"wp:term":[{"taxonomy":"product_brand","embeddable":true,"href":"https:\/\/baumier.co\/en\/wp-json\/wp\/v2\/product_brand?post=982"},{"taxonomy":"product_cat","embeddable":true,"href":"https:\/\/baumier.co\/en\/wp-json\/wp\/v2\/product_cat?post=982"},{"taxonomy":"product_tag","embeddable":true,"href":"https:\/\/baumier.co\/en\/wp-json\/wp\/v2\/product_tag?post=982"},{"taxonomy":"giftcard-category","embeddable":true,"href":"https:\/\/baumier.co\/en\/wp-json\/wp\/v2\/giftcard-category?post=982"}],"curies":[{"name":"wp","href":"https:\/\/api.w.org\/{rel}","templated":true}]}}