{"id":973,"date":"2021-09-03T21:52:59","date_gmt":"2021-09-04T01:52:59","guid":{"rendered":"https:\/\/baumier.co\/?post_type=product&#038;p=973"},"modified":"2024-12-11T21:00:42","modified_gmt":"2024-12-12T02:00:42","slug":"earl-gray-concombre-4oz","status":"publish","type":"product","link":"https:\/\/baumier.co\/en\/produit\/earl-gray-concombre-4oz\/","title":{"rendered":"Earl gray &#038; concombre &#8211; 4oz"},"content":{"rendered":"","protected":false},"excerpt":{"rendered":"<p class=\"p1\">Lorsqu\u2019on pense \u00e0 l\u2019automne, on s\u2019imagine de longues balades en for\u00eat. C\u2019est aussi ce qui nous vient en t\u00eate avec la chandelle &#8216;earl gray et concombre&#8217;. Elle pr\u00e9sente un parfum \u00e0 la fois masculin et sec, aux notes herbac\u00e9es, \u00e9pic\u00e9es et bois\u00e9es.<\/p>\n<p class=\"p1\">Les fragrances de fond qui rappelle le bois de c\u00e8dre apportent de l\u2019\u00e9l\u00e9gance, mais surtout du caract\u00e8re. Les notes de t\u00eate d\u2019agrume, de bergamote et de concombre, quant \u00e0 elles, lui conf\u00e8rent une touche \u00e9tonnamment rafraichissante. Un \u00ab\u00a0must\u00a0\u00bb qui s\u2019est rapidement hiss\u00e9 parmi nos fragrances pr\u00e9f\u00e9r\u00e9es!<\/p>\n<p>&nbsp;<\/p>\n<p><strong>Dur\u00e9e de combustion:\u00a0<\/strong>Approximativement 20h<\/p>\n","protected":false},"featured_media":975,"template":"","meta":{"_seopress_robots_primary_cat":"","_seopress_titles_title":"Th\u00e9 Earl Gray Concombre - Frais et Raffin\u00e9 | Baumier","_seopress_titles_desc":"D\u00e9couvrez le savon Earl Gray Concombre de Baumier : un m\u00e9lange rafra\u00eechissant de th\u00e9 et de concombre. Parfait pour tous types de peau !","_seopress_robots_index":""},"product_brand":[],"product_cat":[18],"product_tag":[],"giftcard-category":[],"class_list":{"0":"post-973","1":"product","2":"type-product","3":"status-publish","4":"has-post-thumbnail","6":"product_cat-chandelle","8":"first","9":"outofstock","10":"taxable","11":"shipping-taxable","12":"purchasable","13":"product-type-simple"},"jetpack_sharing_enabled":true,"_links":{"self":[{"href":"https:\/\/baumier.co\/en\/wp-json\/wp\/v2\/product\/973","targetHints":{"allow":["GET"]}}],"collection":[{"href":"https:\/\/baumier.co\/en\/wp-json\/wp\/v2\/product"}],"about":[{"href":"https:\/\/baumier.co\/en\/wp-json\/wp\/v2\/types\/product"}],"wp:featuredmedia":[{"embeddable":true,"href":"https:\/\/baumier.co\/en\/wp-json\/wp\/v2\/media\/975"}],"wp:attachment":[{"href":"https:\/\/baumier.co\/en\/wp-json\/wp\/v2\/media?parent=973"}],"wp:term":[{"taxonomy":"product_brand","embeddable":true,"href":"https:\/\/baumier.co\/en\/wp-json\/wp\/v2\/product_brand?post=973"},{"taxonomy":"product_cat","embeddable":true,"href":"https:\/\/baumier.co\/en\/wp-json\/wp\/v2\/product_cat?post=973"},{"taxonomy":"product_tag","embeddable":true,"href":"https:\/\/baumier.co\/en\/wp-json\/wp\/v2\/product_tag?post=973"},{"taxonomy":"giftcard-category","embeddable":true,"href":"https:\/\/baumier.co\/en\/wp-json\/wp\/v2\/giftcard-category?post=973"}],"curies":[{"name":"wp","href":"https:\/\/api.w.org\/{rel}","templated":true}]}}