{"id":834,"date":"2021-01-21T16:35:16","date_gmt":"2021-01-21T21:35:16","guid":{"rendered":"https:\/\/baumier.co\/?post_type=product&#038;p=834"},"modified":"2024-12-11T21:00:44","modified_gmt":"2024-12-12T02:00:44","slug":"pivoine-fraiche-8oz","status":"publish","type":"product","link":"https:\/\/baumier.co\/en\/produit\/pivoine-fraiche-8oz\/","title":{"rendered":"Pivoine fra\u00eeche &#8211; 8oz"},"content":{"rendered":"","protected":false},"excerpt":{"rendered":"<p class=\"p1\">Le parfum floral de la chandelle \u2018pivoine fra\u00eeche\u2019 nous transporte dans un champ de fleur au petit matin, lorsque le soleil r\u00e9chauffe doucement la fra\u00eeche ros\u00e9e du matin.<\/p>\n<p class=\"p2\">\u00c0 100 lieux du parfum de matante Roberta, il s\u2019agit d\u2019une fragrance toute en finesse et en \u00e9quilibre. Un parfum propre, l\u00e9ger qui combine la douceur de pivoine \u00e0 la fra\u00eecheur aquatique du n\u00e9nuphar.<\/p>\n<p><strong>Dur\u00e9e de combustion:\u00a0<\/strong>Approximativement 40h<\/p>\n","protected":false},"featured_media":819,"template":"","meta":{"_seopress_robots_primary_cat":"","_seopress_titles_title":"Bougie Pivoine Fra\u00eeche 8oz \u2013 Parfum Floral Envo\u00fbtant","_seopress_titles_desc":"D\u00e9couvrez la bougie Pivoine Fra\u00eeche 8oz de Baumier, une senteur florale enivrante pour cr\u00e9er une ambiance apaisante \u00e0 la maison.","_seopress_robots_index":""},"product_brand":[],"product_cat":[18],"product_tag":[],"giftcard-category":[],"class_list":{"0":"post-834","1":"product","2":"type-product","3":"status-publish","4":"has-post-thumbnail","6":"product_cat-chandelle","8":"first","9":"outofstock","10":"taxable","11":"shipping-taxable","12":"purchasable","13":"product-type-simple"},"jetpack_sharing_enabled":true,"_links":{"self":[{"href":"https:\/\/baumier.co\/en\/wp-json\/wp\/v2\/product\/834","targetHints":{"allow":["GET"]}}],"collection":[{"href":"https:\/\/baumier.co\/en\/wp-json\/wp\/v2\/product"}],"about":[{"href":"https:\/\/baumier.co\/en\/wp-json\/wp\/v2\/types\/product"}],"wp:featuredmedia":[{"embeddable":true,"href":"https:\/\/baumier.co\/en\/wp-json\/wp\/v2\/media\/819"}],"wp:attachment":[{"href":"https:\/\/baumier.co\/en\/wp-json\/wp\/v2\/media?parent=834"}],"wp:term":[{"taxonomy":"product_brand","embeddable":true,"href":"https:\/\/baumier.co\/en\/wp-json\/wp\/v2\/product_brand?post=834"},{"taxonomy":"product_cat","embeddable":true,"href":"https:\/\/baumier.co\/en\/wp-json\/wp\/v2\/product_cat?post=834"},{"taxonomy":"product_tag","embeddable":true,"href":"https:\/\/baumier.co\/en\/wp-json\/wp\/v2\/product_tag?post=834"},{"taxonomy":"giftcard-category","embeddable":true,"href":"https:\/\/baumier.co\/en\/wp-json\/wp\/v2\/giftcard-category?post=834"}],"curies":[{"name":"wp","href":"https:\/\/api.w.org\/{rel}","templated":true}]}}