{"id":833,"date":"2021-01-21T16:33:24","date_gmt":"2021-01-21T21:33:24","guid":{"rendered":"https:\/\/baumier.co\/?post_type=product&#038;p=833"},"modified":"2024-12-11T21:00:46","modified_gmt":"2024-12-12T02:00:46","slug":"salon-de-barbier-4oz","status":"publish","type":"product","link":"https:\/\/baumier.co\/en\/produit\/salon-de-barbier-4oz\/","title":{"rendered":"Salon de barbier &#8211; 4oz"},"content":{"rendered":"","protected":false},"excerpt":{"rendered":"<p class=\"p1\">Un salon de barbier traditionnel renferme une gamme de parfums uniques. La chandelle \u2018salon de barbier\u2019 d\u00e9gage des fragrances propres, fra\u00eeches et masculines. Vous y retrouverez le parfum caract\u00e9ristique de la cr\u00e8me \u00e0 raser et de l\u2019<i>aftershave <\/i>classique.<\/p>\n<p class=\"p2\">On sent une odeur d\u2019air salin et min\u00e9ral ainsi que de tr\u00e8s l\u00e9g\u00e8res notes d\u2019agrumes, sans oublier le parfum rafra\u00eechissant du c\u00e8dre blanc et sa nordicit\u00e9. Le tout n\u2019est pas sans rappeler le c\u00f4t\u00e9 propre de la lessive.<\/p>\n<p><strong>Dur\u00e9e de combustion:\u00a0<\/strong>Approximativement 20h<\/p>\n","protected":false},"featured_media":823,"template":"","meta":{"_seopress_robots_primary_cat":"","_seopress_titles_title":"Baume pour barbe de qualit\u00e9 sup\u00e9rieure - Salon de barbier","_seopress_titles_desc":"D\u00e9couvrez notre onguent \u00e0 barbe 4oz de qualit\u00e9 sup\u00e9rieure pour un soin impeccable. Parfait pour hydrater, adoucir et coiffer votre barbe. Achetez d\u00e8s maintenant!","_seopress_robots_index":""},"product_brand":[],"product_cat":[18],"product_tag":[],"giftcard-category":[],"class_list":{"0":"post-833","1":"product","2":"type-product","3":"status-publish","4":"has-post-thumbnail","6":"product_cat-chandelle","8":"first","9":"outofstock","10":"taxable","11":"shipping-taxable","12":"purchasable","13":"product-type-simple"},"jetpack_sharing_enabled":true,"_links":{"self":[{"href":"https:\/\/baumier.co\/en\/wp-json\/wp\/v2\/product\/833","targetHints":{"allow":["GET"]}}],"collection":[{"href":"https:\/\/baumier.co\/en\/wp-json\/wp\/v2\/product"}],"about":[{"href":"https:\/\/baumier.co\/en\/wp-json\/wp\/v2\/types\/product"}],"wp:featuredmedia":[{"embeddable":true,"href":"https:\/\/baumier.co\/en\/wp-json\/wp\/v2\/media\/823"}],"wp:attachment":[{"href":"https:\/\/baumier.co\/en\/wp-json\/wp\/v2\/media?parent=833"}],"wp:term":[{"taxonomy":"product_brand","embeddable":true,"href":"https:\/\/baumier.co\/en\/wp-json\/wp\/v2\/product_brand?post=833"},{"taxonomy":"product_cat","embeddable":true,"href":"https:\/\/baumier.co\/en\/wp-json\/wp\/v2\/product_cat?post=833"},{"taxonomy":"product_tag","embeddable":true,"href":"https:\/\/baumier.co\/en\/wp-json\/wp\/v2\/product_tag?post=833"},{"taxonomy":"giftcard-category","embeddable":true,"href":"https:\/\/baumier.co\/en\/wp-json\/wp\/v2\/giftcard-category?post=833"}],"curies":[{"name":"wp","href":"https:\/\/api.w.org\/{rel}","templated":true}]}}