{"id":830,"date":"2021-01-21T16:29:41","date_gmt":"2021-01-21T21:29:41","guid":{"rendered":"https:\/\/baumier.co\/?post_type=product&#038;p=830"},"modified":"2024-12-11T21:00:52","modified_gmt":"2024-12-12T02:00:52","slug":"amaretto-4oz","status":"publish","type":"product","link":"https:\/\/baumier.co\/en\/produit\/amaretto-4oz\/","title":{"rendered":"Amaretto &#8211; 4oz"},"content":{"rendered":"","protected":false},"excerpt":{"rendered":"<p class=\"p1\">L\u2019amaretto est une liqueur alcoolis\u00e9e \u00e0 saveur d\u2019amande. Son go\u00fbt tr\u00e8s parfum\u00e9 et son taux de sucre en font un alli\u00e9 de taille en mixologie. C\u2019est ce parfum \u00e0 la fois sucr\u00e9, velout\u00e9 et raffin\u00e9 qui se retrouve avec justesse dans notre chandelle du m\u00eame nom.<\/p>\n<p class=\"p2\">Ainsi, les fragrances sucr\u00e9es de miel chaud, d\u2019amandes douces et de vanille laissent doucement place aux ar\u00f4mes de cerises cuites et de flocons d\u2019avoine grill\u00e9s. La complexit\u00e9 et la richesse de son parfum font de cette chandelle un incontournable.<\/p>\n<p><strong>Dur\u00e9e de combustion:\u00a0<\/strong>Approximativement 20h<\/p>\n","protected":false},"featured_media":822,"template":"","meta":{"_seopress_robots_primary_cat":"","_seopress_titles_title":"","_seopress_titles_desc":"D\u00e9couvrez l&#039;Amaretto 4oz de Baumier, un d\u00e9lice artisanal aux saveurs authentiques. Parfait pour vos cocktails et desserts!","_seopress_robots_index":""},"product_brand":[],"product_cat":[18],"product_tag":[],"giftcard-category":[],"class_list":{"0":"post-830","1":"product","2":"type-product","3":"status-publish","4":"has-post-thumbnail","6":"product_cat-chandelle","8":"first","9":"outofstock","10":"taxable","11":"shipping-taxable","12":"purchasable","13":"product-type-simple"},"jetpack_sharing_enabled":true,"_links":{"self":[{"href":"https:\/\/baumier.co\/en\/wp-json\/wp\/v2\/product\/830","targetHints":{"allow":["GET"]}}],"collection":[{"href":"https:\/\/baumier.co\/en\/wp-json\/wp\/v2\/product"}],"about":[{"href":"https:\/\/baumier.co\/en\/wp-json\/wp\/v2\/types\/product"}],"wp:featuredmedia":[{"embeddable":true,"href":"https:\/\/baumier.co\/en\/wp-json\/wp\/v2\/media\/822"}],"wp:attachment":[{"href":"https:\/\/baumier.co\/en\/wp-json\/wp\/v2\/media?parent=830"}],"wp:term":[{"taxonomy":"product_brand","embeddable":true,"href":"https:\/\/baumier.co\/en\/wp-json\/wp\/v2\/product_brand?post=830"},{"taxonomy":"product_cat","embeddable":true,"href":"https:\/\/baumier.co\/en\/wp-json\/wp\/v2\/product_cat?post=830"},{"taxonomy":"product_tag","embeddable":true,"href":"https:\/\/baumier.co\/en\/wp-json\/wp\/v2\/product_tag?post=830"},{"taxonomy":"giftcard-category","embeddable":true,"href":"https:\/\/baumier.co\/en\/wp-json\/wp\/v2\/giftcard-category?post=830"}],"curies":[{"name":"wp","href":"https:\/\/api.w.org\/{rel}","templated":true}]}}