{"id":828,"date":"2021-01-21T16:25:25","date_gmt":"2021-01-21T21:25:25","guid":{"rendered":"https:\/\/baumier.co\/?post_type=product&#038;p=828"},"modified":"2024-12-11T21:00:56","modified_gmt":"2024-12-12T02:00:56","slug":"feu-de-bois-8oz","status":"publish","type":"product","link":"https:\/\/baumier.co\/en\/produit\/feu-de-bois-8oz\/","title":{"rendered":"Feu de bois &#8211; 8oz"},"content":{"rendered":"","protected":false},"excerpt":{"rendered":"<p class=\"p1\">Sans l\u2019ombre d\u2019un doute, cette fragrance repr\u00e9sente le parfum id\u00e9al pour un petit feu de camp portatif. En effet, rien ne surpasse le caract\u00e8re apaisant et l\u2019odeur l\u00e9g\u00e8rement \u00e9pic\u00e9e du bois de ch\u00eane qui se consume lentement au fond du foyer. Combin\u00e9 au son de la m\u00e8che qui cr\u00e9pite doucement, ce sont tous vos sens qui seront combl\u00e9s!<span class=\"Apple-converted-space\">\u00a0<\/span><\/p>\n<p class=\"p2\">Allez-y! Fermez les yeux et laissez-vous transporter au chalet, chocolat chaud \u00e0 la main, gilet chaud sur les \u00e9paules et bas de laine aux pieds, apr\u00e8s une froide journ\u00e9e de ski.<span class=\"Apple-converted-space\">\u00a0<\/span><\/p>\n<p><strong>Dur\u00e9e de combustion:\u00a0<\/strong>Approximativement 40h<\/p>\n","protected":false},"featured_media":818,"template":"","meta":{"_seopress_robots_primary_cat":"","_seopress_titles_title":"Bougie Feu de Bois 8oz : Parfum Authentique et Chaleureux","_seopress_titles_desc":"R\u00e9chauffez l&#039;ambiance avec notre bougie Feu de Bois 8oz. Parfait pour une soir\u00e9e cocooning! Disponible chez Baumier.","_seopress_robots_index":""},"product_brand":[],"product_cat":[18],"product_tag":[],"giftcard-category":[],"class_list":{"0":"post-828","1":"product","2":"type-product","3":"status-publish","4":"has-post-thumbnail","6":"product_cat-chandelle","8":"first","9":"outofstock","10":"taxable","11":"shipping-taxable","12":"purchasable","13":"product-type-simple"},"jetpack_sharing_enabled":true,"_links":{"self":[{"href":"https:\/\/baumier.co\/en\/wp-json\/wp\/v2\/product\/828","targetHints":{"allow":["GET"]}}],"collection":[{"href":"https:\/\/baumier.co\/en\/wp-json\/wp\/v2\/product"}],"about":[{"href":"https:\/\/baumier.co\/en\/wp-json\/wp\/v2\/types\/product"}],"wp:featuredmedia":[{"embeddable":true,"href":"https:\/\/baumier.co\/en\/wp-json\/wp\/v2\/media\/818"}],"wp:attachment":[{"href":"https:\/\/baumier.co\/en\/wp-json\/wp\/v2\/media?parent=828"}],"wp:term":[{"taxonomy":"product_brand","embeddable":true,"href":"https:\/\/baumier.co\/en\/wp-json\/wp\/v2\/product_brand?post=828"},{"taxonomy":"product_cat","embeddable":true,"href":"https:\/\/baumier.co\/en\/wp-json\/wp\/v2\/product_cat?post=828"},{"taxonomy":"product_tag","embeddable":true,"href":"https:\/\/baumier.co\/en\/wp-json\/wp\/v2\/product_tag?post=828"},{"taxonomy":"giftcard-category","embeddable":true,"href":"https:\/\/baumier.co\/en\/wp-json\/wp\/v2\/giftcard-category?post=828"}],"curies":[{"name":"wp","href":"https:\/\/api.w.org\/{rel}","templated":true}]}}