{"id":821,"date":"2021-01-21T16:19:21","date_gmt":"2021-01-21T21:19:21","guid":{"rendered":"https:\/\/baumier.co\/?post_type=product&#038;p=821"},"modified":"2024-12-11T21:01:00","modified_gmt":"2024-12-12T02:01:00","slug":"sapin-baumier-4oz","status":"publish","type":"product","link":"https:\/\/baumier.co\/en\/produit\/sapin-baumier-4oz\/","title":{"rendered":"Sapin baumier &#8211; 4oz"},"content":{"rendered":"","protected":false},"excerpt":{"rendered":"<p class=\"p1\">Cette fragrance foresti\u00e8re se distingue par sa douceur et sa fra\u00eecheur. Sans artifice, ce sont naturellement les notes bois\u00e9es de sapinage qui sont au premier plan, sans \u00eatre pour autant agressives.<span class=\"Apple-converted-space\">\u00a0<\/span><\/p>\n<p class=\"p2\">La chandelle \u2018sapin baumier\u2018 \u00e9voque le souvenir d\u2019une promenade en for\u00eat en plein hiver, raquettes aux pieds, le bout du nez gel\u00e9. Elle rappelle aussi l\u2019apr\u00e8s-midi de d\u00e9cembre, \u00e0 l\u2019approche des f\u00eates, au moment o\u00f9 l\u2019on installe enfin l\u2019arbre de No\u00ebl, signifiant l\u2019arriv\u00e9e prochaine de la fin des classes. Une douce touche de conif\u00e8re \u00e0 vos soir\u00e9es d\u2019hiver.<\/p>\n<p><strong>Dur\u00e9e de combustion:\u00a0<\/strong>Approximativement 20h<\/p>\n","protected":false},"featured_media":826,"template":"","meta":{"_seopress_robots_primary_cat":"","_seopress_titles_title":"","_seopress_titles_desc":"D\u00e9couvrez notre huile essentielle de sapin baumier 4oz, pure et naturelle, parfaite pour une ambiance apaisante. Id\u00e9ale pour aromath\u00e9rapie! \ud83c\udf32","_seopress_robots_index":""},"product_brand":[],"product_cat":[18],"product_tag":[],"giftcard-category":[],"class_list":{"0":"post-821","1":"product","2":"type-product","3":"status-publish","4":"has-post-thumbnail","6":"product_cat-chandelle","8":"first","9":"outofstock","10":"taxable","11":"shipping-taxable","12":"purchasable","13":"product-type-simple"},"jetpack_sharing_enabled":true,"_links":{"self":[{"href":"https:\/\/baumier.co\/en\/wp-json\/wp\/v2\/product\/821","targetHints":{"allow":["GET"]}}],"collection":[{"href":"https:\/\/baumier.co\/en\/wp-json\/wp\/v2\/product"}],"about":[{"href":"https:\/\/baumier.co\/en\/wp-json\/wp\/v2\/types\/product"}],"wp:featuredmedia":[{"embeddable":true,"href":"https:\/\/baumier.co\/en\/wp-json\/wp\/v2\/media\/826"}],"wp:attachment":[{"href":"https:\/\/baumier.co\/en\/wp-json\/wp\/v2\/media?parent=821"}],"wp:term":[{"taxonomy":"product_brand","embeddable":true,"href":"https:\/\/baumier.co\/en\/wp-json\/wp\/v2\/product_brand?post=821"},{"taxonomy":"product_cat","embeddable":true,"href":"https:\/\/baumier.co\/en\/wp-json\/wp\/v2\/product_cat?post=821"},{"taxonomy":"product_tag","embeddable":true,"href":"https:\/\/baumier.co\/en\/wp-json\/wp\/v2\/product_tag?post=821"},{"taxonomy":"giftcard-category","embeddable":true,"href":"https:\/\/baumier.co\/en\/wp-json\/wp\/v2\/giftcard-category?post=821"}],"curies":[{"name":"wp","href":"https:\/\/api.w.org\/{rel}","templated":true}]}}