{"id":401,"date":"2020-11-13T14:11:14","date_gmt":"2020-11-13T19:11:14","guid":{"rendered":"https:\/\/baumier.wpmudev.host\/product\/import-placeholder-for-358\/"},"modified":"2024-12-11T21:02:19","modified_gmt":"2024-12-12T02:02:19","slug":"naturelle-sans-fragrance-4oz","status":"publish","type":"product","link":"https:\/\/baumier.co\/en\/produit\/naturelle-sans-fragrance-4oz\/","title":{"rendered":"Naturelle &#8211; sans fragrance &#8211; 4oz"},"content":{"rendered":"","protected":false},"excerpt":{"rendered":"<p class=\"p1\"><span class=\"s1\">Froide soir\u00e9e d&#8217;hiver, un bon feu dans le foyer. Une bouteille de vin rouge\u2026 et beaucoup de chandelles pour une ambiance parfaite!<\/span><\/p>\n<p class=\"p1\"><span class=\"s1\">Trouvant sa raison d\u2019\u00eatre de votre envie irr\u00e9sistible de mettre des chandelles partout, la chandelle \u2018naturelle\u2019 est sans fragrance. Parfaite pour accompagner votre chandelle parfum\u00e9e pr\u00e9f\u00e9r\u00e9e, et surtout \u00e0 utiliser sans mod\u00e9ration.<\/span><\/p>\n<p class=\"p1\"><span class=\"s1\">Comme disait le c\u00e9l\u00e8bre dicton, une chandelle c&#8217;est bien, mais 10 c&#8217;est encore mieux.<\/span><\/p>\n<p><strong>Dur\u00e9e de combustion:\u00a0<\/strong>Approximativement 20h<\/p>\n","protected":false},"featured_media":408,"template":"","meta":{"_seopress_robots_primary_cat":"","_seopress_titles_title":"","_seopress_titles_desc":"D\u00e9couvrez notre baume naturel sans fragrance 4oz pour une peau douce et nourrie. Hypoallerg\u00e9nique et parfait pour les peaux sensibles!","_seopress_robots_index":""},"product_brand":[],"product_cat":[18],"product_tag":[],"giftcard-category":[],"class_list":{"0":"post-401","1":"product","2":"type-product","3":"status-publish","4":"has-post-thumbnail","6":"product_cat-chandelle","8":"first","9":"outofstock","10":"taxable","11":"shipping-taxable","12":"purchasable","13":"product-type-simple"},"jetpack_sharing_enabled":true,"_links":{"self":[{"href":"https:\/\/baumier.co\/en\/wp-json\/wp\/v2\/product\/401","targetHints":{"allow":["GET"]}}],"collection":[{"href":"https:\/\/baumier.co\/en\/wp-json\/wp\/v2\/product"}],"about":[{"href":"https:\/\/baumier.co\/en\/wp-json\/wp\/v2\/types\/product"}],"wp:featuredmedia":[{"embeddable":true,"href":"https:\/\/baumier.co\/en\/wp-json\/wp\/v2\/media\/408"}],"wp:attachment":[{"href":"https:\/\/baumier.co\/en\/wp-json\/wp\/v2\/media?parent=401"}],"wp:term":[{"taxonomy":"product_brand","embeddable":true,"href":"https:\/\/baumier.co\/en\/wp-json\/wp\/v2\/product_brand?post=401"},{"taxonomy":"product_cat","embeddable":true,"href":"https:\/\/baumier.co\/en\/wp-json\/wp\/v2\/product_cat?post=401"},{"taxonomy":"product_tag","embeddable":true,"href":"https:\/\/baumier.co\/en\/wp-json\/wp\/v2\/product_tag?post=401"},{"taxonomy":"giftcard-category","embeddable":true,"href":"https:\/\/baumier.co\/en\/wp-json\/wp\/v2\/giftcard-category?post=401"}],"curies":[{"name":"wp","href":"https:\/\/api.w.org\/{rel}","templated":true}]}}