{"id":400,"date":"2020-11-13T14:11:14","date_gmt":"2020-11-13T19:11:14","guid":{"rendered":"https:\/\/baumier.wpmudev.host\/product\/import-placeholder-for-357\/"},"modified":"2024-12-11T21:01:06","modified_gmt":"2024-12-12T02:01:06","slug":"sweet-tobacco-4oz","status":"publish","type":"product","link":"https:\/\/baumier.co\/en\/produit\/sweet-tobacco-4oz\/","title":{"rendered":"Sweet tobacco &#8211; 4oz"},"content":{"rendered":"","protected":false},"excerpt":{"rendered":"<p class=\"p1\"><span class=\"s1\">Lumi\u00e8res tamis\u00e9es, smooth jazz, un verre de Lagavulin 16 ans \u00e0 la main.<\/span><\/p>\n<p class=\"p1\"><span class=\"s1\">La chandelle &#8216;sweet tobacco&#8217; offre une fragrance r\u00e9confortante de fleur de tabac, de caramel ambr\u00e9, de cannelle et de feuilles d&#8217;automne. Un m\u00e9lange l\u00e9g\u00e8rement \u00e9pic\u00e9 qui tire son nom de l&#8217;odeur de tabac \u00e0 pipe d&#8217;autrefois. Une odeur \u00e0 la fois virile, douce et enveloppante.<\/span><\/p>\n<p class=\"p1\"><span class=\"s1\">Les notes chaleureuses et r\u00e9confortantes nous donnent simplement le go\u00fbt de nous emmitoufler et replonger dans nos vieux souvenirs. Un m\u00e9lange d&#8217;histoires de grand-p\u00e8re, de festivit\u00e9 en famille et de toast grill\u00e9 \u00e0 m\u00eame la porte du po\u00eale \u00e0 bois.\u00a0<\/span><\/p>\n<p class=\"p1\"><span class=\"s1\"><strong>Dur\u00e9e de combustion:<\/strong> Approximativement 20h<\/span><\/p>\n","protected":false},"featured_media":407,"template":"","meta":{"_seopress_robots_primary_cat":"","_seopress_titles_title":"","_seopress_titles_desc":"D\u00e9couvrez notre baume \u00e0 barbe Sweet Tobacco 4oz. Infus\u00e9 d'essences de tabac doux pour un soin de barbe exceptionnel. Un soin incontournable!","_seopress_robots_index":""},"product_brand":[],"product_cat":[18],"product_tag":[],"giftcard-category":[],"class_list":{"0":"post-400","1":"product","2":"type-product","3":"status-publish","4":"has-post-thumbnail","6":"product_cat-chandelle","8":"first","9":"outofstock","10":"taxable","11":"shipping-taxable","12":"purchasable","13":"product-type-simple"},"jetpack_sharing_enabled":true,"_links":{"self":[{"href":"https:\/\/baumier.co\/en\/wp-json\/wp\/v2\/product\/400","targetHints":{"allow":["GET"]}}],"collection":[{"href":"https:\/\/baumier.co\/en\/wp-json\/wp\/v2\/product"}],"about":[{"href":"https:\/\/baumier.co\/en\/wp-json\/wp\/v2\/types\/product"}],"wp:featuredmedia":[{"embeddable":true,"href":"https:\/\/baumier.co\/en\/wp-json\/wp\/v2\/media\/407"}],"wp:attachment":[{"href":"https:\/\/baumier.co\/en\/wp-json\/wp\/v2\/media?parent=400"}],"wp:term":[{"taxonomy":"product_brand","embeddable":true,"href":"https:\/\/baumier.co\/en\/wp-json\/wp\/v2\/product_brand?post=400"},{"taxonomy":"product_cat","embeddable":true,"href":"https:\/\/baumier.co\/en\/wp-json\/wp\/v2\/product_cat?post=400"},{"taxonomy":"product_tag","embeddable":true,"href":"https:\/\/baumier.co\/en\/wp-json\/wp\/v2\/product_tag?post=400"},{"taxonomy":"giftcard-category","embeddable":true,"href":"https:\/\/baumier.co\/en\/wp-json\/wp\/v2\/giftcard-category?post=400"}],"curies":[{"name":"wp","href":"https:\/\/api.w.org\/{rel}","templated":true}]}}