{"id":398,"date":"2020-11-13T14:11:13","date_gmt":"2020-11-13T19:11:13","guid":{"rendered":"https:\/\/baumier.wpmudev.host\/product\/import-placeholder-for-309\/"},"modified":"2024-12-11T21:01:12","modified_gmt":"2024-12-12T02:01:12","slug":"guimauve-vanillee-8oz","status":"publish","type":"product","link":"https:\/\/baumier.co\/en\/produit\/guimauve-vanillee-8oz\/","title":{"rendered":"Guimauve vanill\u00e9e &#8211; 8oz"},"content":{"rendered":"","protected":false},"excerpt":{"rendered":"<p class=\"p1\">Une guimauve l\u00e9g\u00e8rement dor\u00e9e sur un feu de bois. La concentration du Jedi pour ne pas la br\u00fbler.<\/p>\n<p class=\"p1\">Combinant les notes sucr\u00e9es de la gousse de vanille au c\u00f4t\u00e9 doux et cr\u00e9meux de la guimauve, la chandelle \u2018guimauve vanill\u00e9e\u2019 propose des notes douces et exquises. Une fois allum\u00e9s, ces ar\u00f4mes de p\u00e2tisserie fraiche et br\u00fblerie fran\u00e7aise vous feront assur\u00e9ment voyager.<\/p>\n<p><strong>Dur\u00e9e de combustion:\u00a0<\/strong>Approximativement 40h<\/p>\n","protected":false},"featured_media":405,"template":"","meta":{"_seopress_robots_primary_cat":"","_seopress_titles_title":"","_seopress_titles_desc":"Savourez nos guimauves vanill\u00e9es artisanales. Parfaites pour toutes occasions! Commandez votre 8oz d\u00e8s maintenant sur Baumier!","_seopress_robots_index":""},"product_brand":[],"product_cat":[18],"product_tag":[],"giftcard-category":[],"class_list":{"0":"post-398","1":"product","2":"type-product","3":"status-publish","4":"has-post-thumbnail","6":"product_cat-chandelle","8":"first","9":"outofstock","10":"taxable","11":"shipping-taxable","12":"purchasable","13":"product-type-simple"},"jetpack_sharing_enabled":true,"_links":{"self":[{"href":"https:\/\/baumier.co\/en\/wp-json\/wp\/v2\/product\/398","targetHints":{"allow":["GET"]}}],"collection":[{"href":"https:\/\/baumier.co\/en\/wp-json\/wp\/v2\/product"}],"about":[{"href":"https:\/\/baumier.co\/en\/wp-json\/wp\/v2\/types\/product"}],"wp:featuredmedia":[{"embeddable":true,"href":"https:\/\/baumier.co\/en\/wp-json\/wp\/v2\/media\/405"}],"wp:attachment":[{"href":"https:\/\/baumier.co\/en\/wp-json\/wp\/v2\/media?parent=398"}],"wp:term":[{"taxonomy":"product_brand","embeddable":true,"href":"https:\/\/baumier.co\/en\/wp-json\/wp\/v2\/product_brand?post=398"},{"taxonomy":"product_cat","embeddable":true,"href":"https:\/\/baumier.co\/en\/wp-json\/wp\/v2\/product_cat?post=398"},{"taxonomy":"product_tag","embeddable":true,"href":"https:\/\/baumier.co\/en\/wp-json\/wp\/v2\/product_tag?post=398"},{"taxonomy":"giftcard-category","embeddable":true,"href":"https:\/\/baumier.co\/en\/wp-json\/wp\/v2\/giftcard-category?post=398"}],"curies":[{"name":"wp","href":"https:\/\/api.w.org\/{rel}","templated":true}]}}