{"id":397,"date":"2020-11-13T14:11:13","date_gmt":"2020-11-13T19:11:13","guid":{"rendered":"https:\/\/baumier.wpmudev.host\/product\/import-placeholder-for-308\/"},"modified":"2024-12-11T21:01:10","modified_gmt":"2024-12-12T02:01:10","slug":"naturelle-sans-fragrance-8oz","status":"publish","type":"product","link":"https:\/\/baumier.co\/en\/produit\/naturelle-sans-fragrance-8oz\/","title":{"rendered":"Naturelle &#8211; sans fragrance &#8211; 8oz"},"content":{"rendered":"","protected":false},"excerpt":{"rendered":"<p class=\"p1\"><span class=\"s1\">Froide soir\u00e9e d&#8217;hiver, un bon feu dans le foyer. Une bouteille de vin rouge\u2026 et beaucoup de chandelles pour une ambiance parfaite!<\/span><\/p>\n<p class=\"p1\"><span class=\"s1\">Trouvant sa raison d\u2019\u00eatre de votre envie irr\u00e9sistible de mettre des chandelles partout, la chandelle \u2018naturelle\u2019 est sans fragrance. Parfaite pour accompagner votre chandelle parfum\u00e9e pr\u00e9f\u00e9r\u00e9e, et surtout \u00e0 utiliser sans mod\u00e9ration.<\/span><\/p>\n<p class=\"p1\"><span class=\"s1\">Comme disait le c\u00e9l\u00e8bre dicton, une chandelle c&#8217;est bien, mais 10 c&#8217;est encore mieux.<\/span><\/p>\n<p><strong>Dur\u00e9e de combustion:\u00a0<\/strong>Approximativement 40h<\/p>\n","protected":false},"featured_media":404,"template":"","meta":{"_seopress_robots_primary_cat":"","_seopress_titles_title":"Baume naturel sans fragrance - 100% pur","_seopress_titles_desc":"D\u00e9couvrez le baume naturel sans fragrance 8oz. Parfait pour une hydratation pure et douce de votre peau. Essayez-le aujourd&#039;hui sur Baumier!","_seopress_robots_index":""},"product_brand":[],"product_cat":[18],"product_tag":[],"giftcard-category":[],"class_list":{"0":"post-397","1":"product","2":"type-product","3":"status-publish","4":"has-post-thumbnail","6":"product_cat-chandelle","8":"first","9":"outofstock","10":"taxable","11":"shipping-taxable","12":"purchasable","13":"product-type-simple"},"jetpack_sharing_enabled":true,"_links":{"self":[{"href":"https:\/\/baumier.co\/en\/wp-json\/wp\/v2\/product\/397","targetHints":{"allow":["GET"]}}],"collection":[{"href":"https:\/\/baumier.co\/en\/wp-json\/wp\/v2\/product"}],"about":[{"href":"https:\/\/baumier.co\/en\/wp-json\/wp\/v2\/types\/product"}],"wp:featuredmedia":[{"embeddable":true,"href":"https:\/\/baumier.co\/en\/wp-json\/wp\/v2\/media\/404"}],"wp:attachment":[{"href":"https:\/\/baumier.co\/en\/wp-json\/wp\/v2\/media?parent=397"}],"wp:term":[{"taxonomy":"product_brand","embeddable":true,"href":"https:\/\/baumier.co\/en\/wp-json\/wp\/v2\/product_brand?post=397"},{"taxonomy":"product_cat","embeddable":true,"href":"https:\/\/baumier.co\/en\/wp-json\/wp\/v2\/product_cat?post=397"},{"taxonomy":"product_tag","embeddable":true,"href":"https:\/\/baumier.co\/en\/wp-json\/wp\/v2\/product_tag?post=397"},{"taxonomy":"giftcard-category","embeddable":true,"href":"https:\/\/baumier.co\/en\/wp-json\/wp\/v2\/giftcard-category?post=397"}],"curies":[{"name":"wp","href":"https:\/\/api.w.org\/{rel}","templated":true}]}}