{"id":1259,"date":"2022-09-11T12:03:47","date_gmt":"2022-09-11T16:03:47","guid":{"rendered":"https:\/\/baumier.co\/?post_type=product&#038;p=1259"},"modified":"2024-12-11T21:00:01","modified_gmt":"2024-12-12T02:00:01","slug":"eucalyptus-4oz","status":"publish","type":"product","link":"https:\/\/baumier.co\/en\/produit\/eucalyptus-4oz\/","title":{"rendered":"Eucalyptus &#8211; 4oz"},"content":{"rendered":"","protected":false},"excerpt":{"rendered":"<p>Vous l\u2019avez demand\u00e9 depuis longtemps, la voici enfin ! Allumez notre chandelle pour vous transporter dans un univers de bien-\u00eatre, comme au spa. Cette fragrance inspir\u00e9e de la nature australienne est un grand classique pour les jours de rhume. D\u00e8s l\u2019allumage, des notes d\u2019agrumes frais envahissent votre espace de vie pour apporter une touche d\u2019\u00e9nergie et de vitalit\u00e9. L\u2019odeur caract\u00e9ristique de l\u2019eucalyptus s\u2019installe ensuite d\u00e9licatement pour vous offrir un sentiment de calme et de bien-\u00eatre.<\/p>\n<p>Cette combinaison unique d\u2019ar\u00f4mes frais et apaisants vous aide \u00e0 vous d\u00e9tendre, \u00e0 respirer et \u00e0 vous ressourcer, cr\u00e9ant une atmosph\u00e8re harmonieuse et revitalisante dans votre maison. De plus, l\u2019huile aromatique d\u2019eucalyptus est reconnue pour ses propri\u00e9t\u00e9s b\u00e9n\u00e9fiques pour la respiration, offrant une sensation de fra\u00eecheur et de puret\u00e9 \u00e0 l\u2019air que vous respirez. Allumez notre chandelle \u00e0 l\u2019eucalyptus et laissez-vous transporter dans un univers de bien-\u00eatre o\u00f9 vous vous sentirez comme au spa. Sa fragrance apaisante et sa capacit\u00e9 \u00e0 purifier l\u2019air en font un choix id\u00e9al pour une ambiance relaxante dans votre chambre, votre salon ou votre salle de bain. D\u00e9tendez-vous, respirez profond\u00e9ment et laissez notre chandelle \u00e0 l\u2019eucalyptus cr\u00e9er une atmosph\u00e8re de s\u00e9r\u00e9nit\u00e9 et de d\u00e9tente dans votre maison.<\/p>\n<p>&nbsp;<\/p>\n<p><strong>Dur\u00e9e de combustion:\u00a0<\/strong>Approximativement 20h<\/p>\n","protected":false},"featured_media":1260,"template":"","meta":{"_seopress_robots_primary_cat":"","_seopress_titles_title":"Eucalyptus naturel 4oz pour bien-\u00eatre","_seopress_titles_desc":"D\u00e9couvrez l'huile essentielle d'eucalyptus 4oz chez Baumier pour des bienfaits naturels incroyables. Parfait pour votre bien-\u00eatre quotidien.","_seopress_robots_index":""},"product_brand":[],"product_cat":[18],"product_tag":[],"giftcard-category":[],"class_list":{"0":"post-1259","1":"product","2":"type-product","3":"status-publish","4":"has-post-thumbnail","6":"product_cat-chandelle","8":"first","9":"outofstock","10":"taxable","11":"shipping-taxable","12":"purchasable","13":"product-type-simple"},"jetpack_sharing_enabled":true,"_links":{"self":[{"href":"https:\/\/baumier.co\/en\/wp-json\/wp\/v2\/product\/1259","targetHints":{"allow":["GET"]}}],"collection":[{"href":"https:\/\/baumier.co\/en\/wp-json\/wp\/v2\/product"}],"about":[{"href":"https:\/\/baumier.co\/en\/wp-json\/wp\/v2\/types\/product"}],"wp:featuredmedia":[{"embeddable":true,"href":"https:\/\/baumier.co\/en\/wp-json\/wp\/v2\/media\/1260"}],"wp:attachment":[{"href":"https:\/\/baumier.co\/en\/wp-json\/wp\/v2\/media?parent=1259"}],"wp:term":[{"taxonomy":"product_brand","embeddable":true,"href":"https:\/\/baumier.co\/en\/wp-json\/wp\/v2\/product_brand?post=1259"},{"taxonomy":"product_cat","embeddable":true,"href":"https:\/\/baumier.co\/en\/wp-json\/wp\/v2\/product_cat?post=1259"},{"taxonomy":"product_tag","embeddable":true,"href":"https:\/\/baumier.co\/en\/wp-json\/wp\/v2\/product_tag?post=1259"},{"taxonomy":"giftcard-category","embeddable":true,"href":"https:\/\/baumier.co\/en\/wp-json\/wp\/v2\/giftcard-category?post=1259"}],"curies":[{"name":"wp","href":"https:\/\/api.w.org\/{rel}","templated":true}]}}