{"id":1257,"date":"2022-09-11T11:48:37","date_gmt":"2022-09-11T15:48:37","guid":{"rendered":"https:\/\/baumier.co\/?post_type=product&#038;p=1257"},"modified":"2024-12-11T21:00:07","modified_gmt":"2024-12-12T02:00:07","slug":"fleurs-blanches-4oz","status":"publish","type":"product","link":"https:\/\/baumier.co\/en\/produit\/fleurs-blanches-4oz\/","title":{"rendered":"Fleurs blanches &#8211; 4oz"},"content":{"rendered":"","protected":false},"excerpt":{"rendered":"<p class=\"p1\">La chandelle \u2018fleurs blanches\u2019 est douce et envoutante. Des notes de t\u00eate de jasmin frais et de gousse de vanille laissent place au musc blanc pur et au caramel dor\u00e9. Une fragrance d\u00e9licate, gourmande et \u00e9l\u00e9gante.<\/p>\n<p><strong>Dur\u00e9e de combustion:\u00a0<\/strong>Approximativement 20h<\/p>\n","protected":false},"featured_media":1258,"template":"","meta":{"_seopress_robots_primary_cat":"","_seopress_titles_title":"","_seopress_titles_desc":"D\u00e9couvrez Fleurs Blanches 4oz de Baumier : une fragrance apaisante et naturelle pour votre bien-\u00eatre. Parfait pour une d\u00e9tente absolue.","_seopress_robots_index":""},"product_brand":[],"product_cat":[18],"product_tag":[],"giftcard-category":[],"class_list":{"0":"post-1257","1":"product","2":"type-product","3":"status-publish","4":"has-post-thumbnail","6":"product_cat-chandelle","8":"first","9":"outofstock","10":"taxable","11":"shipping-taxable","12":"purchasable","13":"product-type-simple"},"jetpack_sharing_enabled":true,"_links":{"self":[{"href":"https:\/\/baumier.co\/en\/wp-json\/wp\/v2\/product\/1257","targetHints":{"allow":["GET"]}}],"collection":[{"href":"https:\/\/baumier.co\/en\/wp-json\/wp\/v2\/product"}],"about":[{"href":"https:\/\/baumier.co\/en\/wp-json\/wp\/v2\/types\/product"}],"wp:featuredmedia":[{"embeddable":true,"href":"https:\/\/baumier.co\/en\/wp-json\/wp\/v2\/media\/1258"}],"wp:attachment":[{"href":"https:\/\/baumier.co\/en\/wp-json\/wp\/v2\/media?parent=1257"}],"wp:term":[{"taxonomy":"product_brand","embeddable":true,"href":"https:\/\/baumier.co\/en\/wp-json\/wp\/v2\/product_brand?post=1257"},{"taxonomy":"product_cat","embeddable":true,"href":"https:\/\/baumier.co\/en\/wp-json\/wp\/v2\/product_cat?post=1257"},{"taxonomy":"product_tag","embeddable":true,"href":"https:\/\/baumier.co\/en\/wp-json\/wp\/v2\/product_tag?post=1257"},{"taxonomy":"giftcard-category","embeddable":true,"href":"https:\/\/baumier.co\/en\/wp-json\/wp\/v2\/giftcard-category?post=1257"}],"curies":[{"name":"wp","href":"https:\/\/api.w.org\/{rel}","templated":true}]}}