{"id":1253,"date":"2022-09-11T11:33:29","date_gmt":"2022-09-11T15:33:29","guid":{"rendered":"https:\/\/baumier.co\/?post_type=product&#038;p=1253"},"modified":"2024-12-11T21:00:16","modified_gmt":"2024-12-12T02:00:16","slug":"palo-santo-4oz","status":"publish","type":"product","link":"https:\/\/baumier.co\/en\/produit\/palo-santo-4oz\/","title":{"rendered":"Palo Santo &#8211; 4oz"},"content":{"rendered":"","protected":false},"excerpt":{"rendered":"<p class=\"p1\">Le\u00a0palo santo est un arbre\u00a0les r\u00e9gions sud-am\u00e9ricaines. ll est consid\u00e9r\u00e9 comme un arbre aux propri\u00e9t\u00e9s m\u00e9dicinales, qui, par sa combustion, d\u00e9gage une fum\u00e9e odorante qui poss\u00e8derait, selon certaines croyances, de nombreuses vertus purificatrices contre les mauvais esprits, les \u00e9nergies et les forces n\u00e9gatives.\u00a0Le parfum de palo santo \u00e9voque un m\u00e9lange d&#8217;encens, de\u00a0c\u00e8dre, d\u2019herbe sucr\u00e9e, de\u00a0citron, d\u2019eucalyptus, avec une subtile pointe de\u00a0menthe.<\/p>\n<p><strong>Dur\u00e9e de combustion:\u00a0<\/strong>Approximativement 20h<\/p>\n","protected":false},"featured_media":1248,"template":"","meta":{"_seopress_robots_primary_cat":"","_seopress_titles_title":"Encens Palo Santo: Purifiez Votre Espace Sacr\u00e9","_seopress_titles_desc":"D\u00e9couvrez nos b\u00e2tons de Palo Santo 4oz authentiques pour purifier votre espace et \u00e9lever vos \u00e9nergies. Commandez d\u00e8s maintenant sur Baumier.","_seopress_robots_index":""},"product_brand":[],"product_cat":[18],"product_tag":[],"giftcard-category":[],"class_list":{"0":"post-1253","1":"product","2":"type-product","3":"status-publish","4":"has-post-thumbnail","6":"product_cat-chandelle","8":"first","9":"outofstock","10":"taxable","11":"shipping-taxable","12":"purchasable","13":"product-type-simple"},"jetpack_sharing_enabled":true,"_links":{"self":[{"href":"https:\/\/baumier.co\/en\/wp-json\/wp\/v2\/product\/1253","targetHints":{"allow":["GET"]}}],"collection":[{"href":"https:\/\/baumier.co\/en\/wp-json\/wp\/v2\/product"}],"about":[{"href":"https:\/\/baumier.co\/en\/wp-json\/wp\/v2\/types\/product"}],"wp:featuredmedia":[{"embeddable":true,"href":"https:\/\/baumier.co\/en\/wp-json\/wp\/v2\/media\/1248"}],"wp:attachment":[{"href":"https:\/\/baumier.co\/en\/wp-json\/wp\/v2\/media?parent=1253"}],"wp:term":[{"taxonomy":"product_brand","embeddable":true,"href":"https:\/\/baumier.co\/en\/wp-json\/wp\/v2\/product_brand?post=1253"},{"taxonomy":"product_cat","embeddable":true,"href":"https:\/\/baumier.co\/en\/wp-json\/wp\/v2\/product_cat?post=1253"},{"taxonomy":"product_tag","embeddable":true,"href":"https:\/\/baumier.co\/en\/wp-json\/wp\/v2\/product_tag?post=1253"},{"taxonomy":"giftcard-category","embeddable":true,"href":"https:\/\/baumier.co\/en\/wp-json\/wp\/v2\/giftcard-category?post=1253"}],"curies":[{"name":"wp","href":"https:\/\/api.w.org\/{rel}","templated":true}]}}