{"id":1243,"date":"2022-09-07T14:49:11","date_gmt":"2022-09-07T18:49:11","guid":{"rendered":"https:\/\/baumier.co\/?post_type=product&#038;p=1243"},"modified":"2024-12-11T21:00:21","modified_gmt":"2024-12-12T02:00:21","slug":"poire-4oz","status":"publish","type":"product","link":"https:\/\/baumier.co\/en\/produit\/poire-4oz\/","title":{"rendered":"Poire &#8211; 4oz"},"content":{"rendered":"","protected":false},"excerpt":{"rendered":"<p class=\"p1\">La chandelle poire porte son nom \u00e0 merveille, elle qui sent&#8230; la poire.<\/p>\n<p class=\"p1\">Quoi dire de plus! Les notes fruit\u00e9es de cette chandelle surprennent par son c\u00f4t\u00e9 frais et non sucr\u00e9. Des notes de miel chaud et de vanille laissent doucement place aux ar\u00f4mes de v\u00e9g\u00e9tale du fruit vert. Elle se distingue tout particuli\u00e8rement par la douceur et la fraicheur de son parfum .<\/p>\n<p><strong>Dur\u00e9e de combustion:\u00a0<\/strong>Approximativement 20h<\/p>\n","protected":false},"featured_media":1249,"template":"","meta":{"_seopress_robots_primary_cat":"","_seopress_titles_title":"Savon naturel \u00e0 la poire \u2013 Parfum doux et fruit\u00e9","_seopress_titles_desc":"D\u00e9couvrez notre bougie artisanale \u00e0 la poire 4oz. Un parfum exquis pour une ambiance chaleureuse. Fait \u00e0 la main au Qu\u00e9bec! Parfait cadeau.","_seopress_robots_index":""},"product_brand":[],"product_cat":[18],"product_tag":[],"giftcard-category":[],"class_list":{"0":"post-1243","1":"product","2":"type-product","3":"status-publish","4":"has-post-thumbnail","6":"product_cat-chandelle","8":"first","9":"outofstock","10":"taxable","11":"shipping-taxable","12":"purchasable","13":"product-type-simple"},"jetpack_sharing_enabled":true,"_links":{"self":[{"href":"https:\/\/baumier.co\/en\/wp-json\/wp\/v2\/product\/1243","targetHints":{"allow":["GET"]}}],"collection":[{"href":"https:\/\/baumier.co\/en\/wp-json\/wp\/v2\/product"}],"about":[{"href":"https:\/\/baumier.co\/en\/wp-json\/wp\/v2\/types\/product"}],"wp:featuredmedia":[{"embeddable":true,"href":"https:\/\/baumier.co\/en\/wp-json\/wp\/v2\/media\/1249"}],"wp:attachment":[{"href":"https:\/\/baumier.co\/en\/wp-json\/wp\/v2\/media?parent=1243"}],"wp:term":[{"taxonomy":"product_brand","embeddable":true,"href":"https:\/\/baumier.co\/en\/wp-json\/wp\/v2\/product_brand?post=1243"},{"taxonomy":"product_cat","embeddable":true,"href":"https:\/\/baumier.co\/en\/wp-json\/wp\/v2\/product_cat?post=1243"},{"taxonomy":"product_tag","embeddable":true,"href":"https:\/\/baumier.co\/en\/wp-json\/wp\/v2\/product_tag?post=1243"},{"taxonomy":"giftcard-category","embeddable":true,"href":"https:\/\/baumier.co\/en\/wp-json\/wp\/v2\/giftcard-category?post=1243"}],"curies":[{"name":"wp","href":"https:\/\/api.w.org\/{rel}","templated":true}]}}