{"id":1098,"date":"2021-11-26T16:26:23","date_gmt":"2021-11-26T21:26:23","guid":{"rendered":"https:\/\/baumier.co\/?post_type=product&#038;p=1098"},"modified":"2024-12-11T21:00:24","modified_gmt":"2024-12-12T02:00:24","slug":"carte-cadeau","status":"publish","type":"product","link":"https:\/\/baumier.co\/en\/produit\/carte-cadeau\/","title":{"rendered":"Carte-cadeau"},"content":{"rendered":"","protected":false},"excerpt":{"rendered":"<p class=\"p1\">\u00c0 la recherche du cadeau parfait? Le voici! Cette carte-cadeau num\u00e9rique saura assur\u00e9ment faire des heureux!<\/p>\n<p class=\"p1\">Comment \u00e7a fonctionne? Inscrivez simplement le montant que vous souhaitez ajouter \u00e0 votre carte, et nous ferons parvenir par courriel une carte-cadeau sous forme d&#8217;un code, \u00e0 la personne de votre choix.<\/p>\n<p class=\"p1\">Bon \u00e0 savoir : La carte-cadeau pourra \u00eatre utilis\u00e9e et r\u00e9utilis\u00e9e jusqu&#8217;\u00e0 ce que la balance atteigne 0$. Une belle fa\u00e7on d&#8217;\u00e9tirer le plaisir \ud83d\ude42<\/p>\n","protected":false},"featured_media":1100,"template":"","meta":{"_seopress_robots_primary_cat":"","_seopress_titles_title":"Carte-Cadeau Baumier - Offrez Bien-\u00eatre et \u00c9vasion!","_seopress_titles_desc":"Offrez une carte-cadeau Baumier et permettez \u00e0 vos proches de choisir des produits naturels et locaux exceptionnels. Un cadeau unique \u00e0 port\u00e9e de clic!","_seopress_robots_index":""},"product_brand":[],"product_cat":[24],"product_tag":[],"giftcard-category":[],"class_list":{"0":"post-1098","1":"product","2":"type-product","3":"status-publish","4":"has-post-thumbnail","6":"product_cat-carte-cadeau","8":"first","9":"instock","10":"virtual","11":"sold-individually","12":"purchasable","13":"product-type-gift-card"},"jetpack_sharing_enabled":true,"_links":{"self":[{"href":"https:\/\/baumier.co\/en\/wp-json\/wp\/v2\/product\/1098","targetHints":{"allow":["GET"]}}],"collection":[{"href":"https:\/\/baumier.co\/en\/wp-json\/wp\/v2\/product"}],"about":[{"href":"https:\/\/baumier.co\/en\/wp-json\/wp\/v2\/types\/product"}],"wp:featuredmedia":[{"embeddable":true,"href":"https:\/\/baumier.co\/en\/wp-json\/wp\/v2\/media\/1100"}],"wp:attachment":[{"href":"https:\/\/baumier.co\/en\/wp-json\/wp\/v2\/media?parent=1098"}],"wp:term":[{"taxonomy":"product_brand","embeddable":true,"href":"https:\/\/baumier.co\/en\/wp-json\/wp\/v2\/product_brand?post=1098"},{"taxonomy":"product_cat","embeddable":true,"href":"https:\/\/baumier.co\/en\/wp-json\/wp\/v2\/product_cat?post=1098"},{"taxonomy":"product_tag","embeddable":true,"href":"https:\/\/baumier.co\/en\/wp-json\/wp\/v2\/product_tag?post=1098"},{"taxonomy":"giftcard-category","embeddable":true,"href":"https:\/\/baumier.co\/en\/wp-json\/wp\/v2\/giftcard-category?post=1098"}],"curies":[{"name":"wp","href":"https:\/\/api.w.org\/{rel}","templated":true}]}}