{"id":1084,"date":"2021-11-21T15:07:04","date_gmt":"2021-11-21T20:07:04","guid":{"rendered":"https:\/\/baumier.co\/?post_type=product&#038;p=1084"},"modified":"2024-12-11T21:00:27","modified_gmt":"2024-12-12T02:00:27","slug":"epices-des-fetes-8oz","status":"publish","type":"product","link":"https:\/\/baumier.co\/en\/produit\/epices-des-fetes-8oz\/","title":{"rendered":"\u00c9pices des f\u00eates &#8211; 8oz"},"content":{"rendered":"","protected":false},"excerpt":{"rendered":"<p class=\"p1\">La chandelle \u00ab\u00a0\u00e9pices des f\u00eates\u00a0\u00bb pr\u00e9sente un parfum chaud, bois\u00e9 et \u00e9pic\u00e9.<span class=\"Apple-converted-space\">\u00a0<\/span><\/p>\n<p class=\"p1\">Les notes de poivre, de r\u00e9glisse et de muscade se marient \u00e0 merveille avec le gingembre, la coriandre et l\u2019ylang-ylang.<\/p>\n<p class=\"p1\">Parfaite pour accompagner votre liste de lecture des f\u00eates pr\u00e9f\u00e9r\u00e9es!<\/p>\n<p>&nbsp;<\/p>\n<p><strong>Dur\u00e9e de combustion:\u00a0<\/strong>Approximativement 40h<\/p>\n","protected":false},"featured_media":1080,"template":"","meta":{"_seopress_robots_primary_cat":"","_seopress_titles_title":"","_seopress_titles_desc":"Savourez la magie des f\u00eates avec nos \u00c9pices des F\u00eates 8oz! Parfaites pour rehausser vos plats pr\u00e9f\u00e9r\u00e9s et cr\u00e9er des souvenirs gourmands.","_seopress_robots_index":""},"product_brand":[],"product_cat":[18],"product_tag":[],"giftcard-category":[],"class_list":{"0":"post-1084","1":"product","2":"type-product","3":"status-publish","4":"has-post-thumbnail","6":"product_cat-chandelle","8":"first","9":"outofstock","10":"taxable","11":"shipping-taxable","12":"purchasable","13":"product-type-simple"},"jetpack_sharing_enabled":true,"_links":{"self":[{"href":"https:\/\/baumier.co\/en\/wp-json\/wp\/v2\/product\/1084","targetHints":{"allow":["GET"]}}],"collection":[{"href":"https:\/\/baumier.co\/en\/wp-json\/wp\/v2\/product"}],"about":[{"href":"https:\/\/baumier.co\/en\/wp-json\/wp\/v2\/types\/product"}],"wp:featuredmedia":[{"embeddable":true,"href":"https:\/\/baumier.co\/en\/wp-json\/wp\/v2\/media\/1080"}],"wp:attachment":[{"href":"https:\/\/baumier.co\/en\/wp-json\/wp\/v2\/media?parent=1084"}],"wp:term":[{"taxonomy":"product_brand","embeddable":true,"href":"https:\/\/baumier.co\/en\/wp-json\/wp\/v2\/product_brand?post=1084"},{"taxonomy":"product_cat","embeddable":true,"href":"https:\/\/baumier.co\/en\/wp-json\/wp\/v2\/product_cat?post=1084"},{"taxonomy":"product_tag","embeddable":true,"href":"https:\/\/baumier.co\/en\/wp-json\/wp\/v2\/product_tag?post=1084"},{"taxonomy":"giftcard-category","embeddable":true,"href":"https:\/\/baumier.co\/en\/wp-json\/wp\/v2\/giftcard-category?post=1084"}],"curies":[{"name":"wp","href":"https:\/\/api.w.org\/{rel}","templated":true}]}}