{"id":1078,"date":"2021-11-21T15:04:21","date_gmt":"2021-11-21T20:04:21","guid":{"rendered":"https:\/\/baumier.co\/?post_type=product&#038;p=1078"},"modified":"2024-12-11T21:00:31","modified_gmt":"2024-12-12T02:00:31","slug":"mure-sauge-4oz","status":"publish","type":"product","link":"https:\/\/baumier.co\/en\/produit\/mure-sauge-4oz\/","title":{"rendered":"M\u00fbre &#038; sauge &#8211; 4oz"},"content":{"rendered":"","protected":false},"excerpt":{"rendered":"<p class=\"p1\">La chandelle \u00ab\u00a0m\u00fbre &amp; sauge\u00a0\u00bb diffuse un parfum l\u00e9ger, a\u00e9rien et rafra\u00eechissant.<span class=\"Apple-converted-space\">\u00a0<\/span><\/p>\n<p class=\"p1\">Fruit\u00e9 sans \u00eatre trop sucr\u00e9, les notes de baies juteuses c\u00f4toient \u00e0 merveille celle de cypr\u00e8s, sauge et feuilles vertes.<span class=\"Apple-converted-space\">\u00a0<\/span><\/p>\n<p>&nbsp;<\/p>\n<p><strong>Dur\u00e9e de combustion:\u00a0<\/strong>Approximativement 20h<\/p>\n","protected":false},"featured_media":1081,"template":"","meta":{"_seopress_robots_primary_cat":"","_seopress_titles_title":"M\u00fbre et Sauge 4oz \u2013 Savon Naturel et \u00c9cologique","_seopress_titles_desc":"D\u00e9couvrez la bougie Mur\u00e9 &amp; Sauge 4oz : un m\u00e9lange rafra\u00eechissant de m\u00fbre et de sauge envo\u00fbtante. Parfaite pour cr\u00e9er une ambiance apaisante.","_seopress_robots_index":""},"product_brand":[],"product_cat":[18],"product_tag":[],"giftcard-category":[],"class_list":{"0":"post-1078","1":"product","2":"type-product","3":"status-publish","4":"has-post-thumbnail","6":"product_cat-chandelle","8":"first","9":"outofstock","10":"taxable","11":"shipping-taxable","12":"purchasable","13":"product-type-simple"},"jetpack_sharing_enabled":true,"_links":{"self":[{"href":"https:\/\/baumier.co\/en\/wp-json\/wp\/v2\/product\/1078","targetHints":{"allow":["GET"]}}],"collection":[{"href":"https:\/\/baumier.co\/en\/wp-json\/wp\/v2\/product"}],"about":[{"href":"https:\/\/baumier.co\/en\/wp-json\/wp\/v2\/types\/product"}],"wp:featuredmedia":[{"embeddable":true,"href":"https:\/\/baumier.co\/en\/wp-json\/wp\/v2\/media\/1081"}],"wp:attachment":[{"href":"https:\/\/baumier.co\/en\/wp-json\/wp\/v2\/media?parent=1078"}],"wp:term":[{"taxonomy":"product_brand","embeddable":true,"href":"https:\/\/baumier.co\/en\/wp-json\/wp\/v2\/product_brand?post=1078"},{"taxonomy":"product_cat","embeddable":true,"href":"https:\/\/baumier.co\/en\/wp-json\/wp\/v2\/product_cat?post=1078"},{"taxonomy":"product_tag","embeddable":true,"href":"https:\/\/baumier.co\/en\/wp-json\/wp\/v2\/product_tag?post=1078"},{"taxonomy":"giftcard-category","embeddable":true,"href":"https:\/\/baumier.co\/en\/wp-json\/wp\/v2\/giftcard-category?post=1078"}],"curies":[{"name":"wp","href":"https:\/\/api.w.org\/{rel}","templated":true}]}}