{"id":381,"date":"2020-11-08T03:44:44","date_gmt":"2020-11-08T08:44:44","guid":{"rendered":"https:\/\/baumier.co\/?page_id=3"},"modified":"2020-12-21T15:44:18","modified_gmt":"2020-12-21T20:44:18","slug":"politique-de-confidentialite","status":"publish","type":"page","link":"https:\/\/baumier.co\/en\/politique-de-confidentialite\/","title":{"rendered":"Politique d&#8217;exp\u00e9dition, de remboursement et de confidentialit\u00e9"},"content":{"rendered":"<h1>Politique d&#8217;exp\u00e9dition, de remboursement et de confidentialit\u00e9<\/h1>\n<h3>\u00a0<\/h3>\n<h3><a id=\"livraison\"><\/a>Livraison<\/h3>\n<p><strong>Quels sont les frais de livraison?<\/strong><\/p>\n<p class=\"p1\"><span class=\"s1\">Nos tarifs de livraison sont calcul\u00e9s dynamiquement avec Poste-Canada. Ces derniers peuvent donc fluctuer selon les p\u00e9riodes de l&#8217;ann\u00e9e et sont hors de notre contr\u00f4le.<\/span><\/p>\n<p><strong>Quels sont les d\u00e9lais de livraison? <\/strong><\/p>\n<p>Nous utilisons le service de Colis acc\u00e9l\u00e9r\u00e9s afin de garantir les meilleurs d\u00e9lais possible. Votre commande sera trait\u00e9e dans les 2 \u00e0 3 jours ouvrables suivant votre achat. Nous vous enverrons votre num\u00e9ro de suivi de livraison une fois votre commande tra\u00eet\u00e9e. Une fois que votre colis quitte notre entrep\u00f4t, comptez entre 2 et 5 jours ouvrables pour la livraison partout au Qu\u00e9bec.<\/p>\n<p>**Veuillez noter que les d\u00e9lais de livraison peuvent \u00eatre un peu plus long lors de p\u00e9riodes tr\u00e8s achaland\u00e9es comme le Black Friday, No\u00ebl, Boxing Day, etc. Malheureusement, ces d\u00e9lais sont hors de notre contr\u00f4le.**<\/p>\n<p><strong>Est-ce possible de me faire rembourser les frais de livraison?<\/strong><\/p>\n<p>Tous les frais de livraison, autant ceux d&#8217;envoi que de retour, ne sont malheureusement pas remboursables.<\/p>\n<p><strong>Le produit semble s&#8217;\u00eatre bris\u00e9 dans le transport. Que faire?<\/strong><\/p>\n<p class=\"p1\">Si vous \u00eates dans cette situation, \u00e9crivez-nous pour nous mettre au courant en nous envoyant des photos d\u00e8s la r\u00e9ception du colis. Nous remplacerons le produit sans frais, et ce, dans le meilleur d\u00e9lai.<\/p>\n<h3>\u00a0<\/h3>\n<h3><a id=\"remboursement\"><\/a>Remboursement<\/h3>\n<p class=\"p1\">Votre enti\u00e8re satisfaction est importante pour nous. Si vous n&#8217;\u00eates pas satisfait de nos produits, vous pouvez nous les retourner et obtenir un remboursement dans un d\u00e9lai de 10 jours apr\u00e8s r\u00e9ception du colis. Vous devrez cependant assumer les frais de livraison pour le retour.<\/p>\n<p class=\"p1\">Le produit doit \u00eatre neuf, dans l&#8217;\u00e9tat et l&#8217;emballage original. Aucun produit d\u00e9ball\u00e9, utilis\u00e9, br\u00fbl\u00e9 ne sera accept\u00e9. Il est aussi de votre responsabilit\u00e9 d&#8217;emballer ad\u00e9quatement le produit pour le retour, pour ne pas qu&#8217;il se brise lors du transport. Les produits sold\u00e9s ne sont pas remboursables.<\/p>\n<p>Pour une demande de remboursement, veuillez nous \u00e9crire \u00e0 l&#8217;adresse suivante: info@baumier.co<\/p>\n<p><strong>Les informations suivantes doivent se trouver dans le courriel:<\/strong><br \/>Titre du courriel: Demande de retour- Baumier<br \/>#commande<br \/>Votre nom:<br \/>Num\u00e9ro de commande:<br \/>Article \u00e0 retourner:<br \/>Raison du retour:<\/p>\n<p class=\"p1\">\u00c0 la r\u00e9ception du courriel, nous vous ferons parvenir les coordonn\u00e9es de retour, ainsi que la proc\u00e9dure. Nous traiterons votre demande dans un d\u00e9lai de 2 \u00e0 3 jours ouvrables, suivant la r\u00e9ception du colis.<\/p>\n<h3>\u00a0<\/h3>\n<h3><a id=\"confidentialite\"><\/a>Confidentialit\u00e9<\/h3>\n<p>En naviguant sur ce site, vous acceptez l\u2019utilisation d\u2019un ou plusieurs t\u00e9moin(s) ou cookie(s) pour les informations de session et de r\u00e9f\u00e9rencement. Aucune information priv\u00e9e n\u2019est conserv\u00e9e sauf lors d\u2019un achat en ligne (nom, adresse, courriel, num\u00e9ro de t\u00e9l\u00e9phone).<\/p>\n<p>Les employ\u00e9s et sous-traitants de <strong>BAUMIER<\/strong> ont acc\u00e8s aux renseignements personnels que vous aurez fournis par l\u2019entremise de ce site afin de vous offrir les produits et services demand\u00e9s. Vous consentez \u00e0 fournir l\u2019information exacte et v\u00e9ridique vous concernant. Les employ\u00e9s traitent avec confidentialit\u00e9 les renseignements personnels vous concernant afin de vous offrir le service demand\u00e9.<\/p>\n<h3>\u00a0<\/h3>\n<h3>Vente en ligne<\/h3>\n<p>Lors d\u2019achat en ligne, <strong>BAUMIER<\/strong> n\u2019a pas acc\u00e8s \u00e0 vos donn\u00e9es financi\u00e8res et le site <strong>baumier.co<\/strong> n\u2019h\u00e9berge aucune information financi\u00e8re, ni information sur votre carte de cr\u00e9dit. L\u2019ensemble des informations de paiement est s\u00e9curis\u00e9 entre l&#8217;entreprise Stripe et vous. En utilisant ce site, vous acceptez les conditions d\u2019utilisation de <a href=\"https:\/\/stripe.com\/fr-ca\/guides\/general-data-protection-regulation\">Stripe.<\/a><\/p>\n<h3>\u00a0<\/h3>\n<h3>Compte<\/h3>\n<p>Il vous incombe \u00e0 vous seul de prot\u00e9ger la confidentialit\u00e9 de votre mot de passe et d\u2019utilisateur.<\/p>\n<p>Les comptes cr\u00e9\u00e9s sur le site demeurent la propri\u00e9t\u00e9 de BAUMIER et peuvent \u00eatre annul\u00e9s \u00e0 tout moment.<\/p>\n<p>Vous devez vous assurer d\u2019activer la technologie JavaScript de votre fureteur afin d\u2019acc\u00e9der \u00e0 toutes les fonctionnalit\u00e9s offertes par BAUMIER.\u00a0<\/p>\n<h3>\u00a0<\/h3>\n<h3>Cookies<\/h3>\n<p>Si vous avez un compte et que vous vous connectez sur ce site, un cookie temporaire sera cr\u00e9\u00e9 afin de d\u00e9terminer si votre navigateur accepte les cookies. Il ne contient pas de donn\u00e9es personnelles et sera supprim\u00e9 automatiquement \u00e0 la fermeture de votre navigateur.<\/p>\n<p>Lorsque vous vous connecterez, nous mettrons en place un certain nombre de cookies pour enregistrer vos informations de connexion et vos pr\u00e9f\u00e9rences d\u2019\u00e9cran. La dur\u00e9e de vie d\u2019un cookie de connexion est de deux jours, celle d\u2019un cookie d\u2019option d\u2019\u00e9cran est d\u2019un an. Si vous cochez \u00ab\u00a0Se souvenir de moi\u00a0\u00bb, votre cookie de connexion sera conserv\u00e9 pendant deux semaines. Si vous vous d\u00e9connectez de votre compte, le cookie de connexion sera effac\u00e9.<\/p>\n<p>Nous utilisons Google Analytics afin de g\u00e9n\u00e9rer des statistiques g\u00e9n\u00e9rales sur l\u2019acc\u00e8s et la navigation sur le site. En utilisant ce site, vous acceptez les conditions d\u2019utilisation g\u00e9n\u00e9rale de\u00a0<a href=\"http:\/\/www.google.com\/analytics\">Google Analytics<\/a>.<\/p>\n<p>\u00a0<\/p>\n<h3>Droits de reproduction<\/h3>\n<p>\u00c0 moins d\u2019avis contraire, il est absolument interdit de reproduire le contenu de ce site, en totalit\u00e9 ou en partie, \u00e0 des fins de diffusion commerciale sans avoir obtenu au pr\u00e9alable la permission \u00e9crite de BAUMIER.<\/p>\n<p>Tout le contenu du pr\u00e9sent site, incluant la structure du site, les documents t\u00e9l\u00e9chargeables, images, textes, logos, constituent une \u0153uvre prot\u00e9g\u00e9e par les dispositions de la Lois sur le droit d\u2019auteur et de la propri\u00e9t\u00e9 intellectuelle, par les lois, politiques et r\u00e8glements du Canada.<\/p>\n<p>\u00a0<\/p>\n<h3>\u00a0<\/h3>\n\n\n<p><\/p>\n","protected":false},"excerpt":{"rendered":"<p>Politique d&#8217;exp\u00e9dition, de remboursement et de confidentialit\u00e9 \u00a0 Livraison Quels sont les frais de livraison? Nos tarifs de livraison sont calcul\u00e9s dynamiquement avec Poste-Canada. Ces derniers peuvent donc fluctuer selon&#8230;<\/p>\n","protected":false},"author":1,"featured_media":0,"parent":0,"menu_order":0,"comment_status":"closed","ping_status":"closed","template":"","meta":{"_seopress_robots_primary_cat":"","_seopress_titles_title":"","_seopress_titles_desc":"","_seopress_robots_index":"","footnotes":""},"class_list":["post-381","page","type-page","status-publish"],"jetpack_sharing_enabled":true,"_links":{"self":[{"href":"https:\/\/baumier.co\/en\/wp-json\/wp\/v2\/pages\/381","targetHints":{"allow":["GET"]}}],"collection":[{"href":"https:\/\/baumier.co\/en\/wp-json\/wp\/v2\/pages"}],"about":[{"href":"https:\/\/baumier.co\/en\/wp-json\/wp\/v2\/types\/page"}],"author":[{"embeddable":true,"href":"https:\/\/baumier.co\/en\/wp-json\/wp\/v2\/users\/1"}],"replies":[{"embeddable":true,"href":"https:\/\/baumier.co\/en\/wp-json\/wp\/v2\/comments?post=381"}],"version-history":[{"count":0,"href":"https:\/\/baumier.co\/en\/wp-json\/wp\/v2\/pages\/381\/revisions"}],"wp:attachment":[{"href":"https:\/\/baumier.co\/en\/wp-json\/wp\/v2\/media?parent=381"}],"curies":[{"name":"wp","href":"https:\/\/api.w.org\/{rel}","templated":true}]}}